{"id":21,"date":"2026-02-20T10:58:57","date_gmt":"2026-02-20T10:58:57","guid":{"rendered":"https:\/\/dr-verwaltungsrecht.de\/?page_id=21"},"modified":"2026-03-03T10:28:16","modified_gmt":"2026-03-03T10:28:16","slug":"verwaltungsrechtskanzlei-raedler","status":"publish","type":"page","link":"https:\/\/dr-verwaltungsrecht.de\/","title":{"rendered":"Verwaltungsrechtskanzlei Raedler"},"content":{"rendered":"<h2>Willkommen!<\/h2>\n<p><img loading=\"lazy\" decoding=\"async\" class=\"alignnone size-medium wp-image-19\" src=\"https:\/\/dr-verwaltungsrecht.de\/wp-content\/uploads\/2026\/02\/017PhotoArt_Raedler_96dpi_14.12.2023_68eba111dfe108.49321844-300x300.jpg\" alt=\"\" width=\"300\" height=\"300\" srcset=\"https:\/\/dr-verwaltungsrecht.de\/wp-content\/uploads\/2026\/02\/017PhotoArt_Raedler_96dpi_14.12.2023_68eba111dfe108.49321844-300x300.jpg 300w, https:\/\/dr-verwaltungsrecht.de\/wp-content\/uploads\/2026\/02\/017PhotoArt_Raedler_96dpi_14.12.2023_68eba111dfe108.49321844-1024x1024.jpg 1024w, https:\/\/dr-verwaltungsrecht.de\/wp-content\/uploads\/2026\/02\/017PhotoArt_Raedler_96dpi_14.12.2023_68eba111dfe108.49321844-150x150.jpg 150w, https:\/\/dr-verwaltungsrecht.de\/wp-content\/uploads\/2026\/02\/017PhotoArt_Raedler_96dpi_14.12.2023_68eba111dfe108.49321844-768x768.jpg 768w, https:\/\/dr-verwaltungsrecht.de\/wp-content\/uploads\/2026\/02\/017PhotoArt_Raedler_96dpi_14.12.2023_68eba111dfe108.49321844.jpg 1200w\" sizes=\"auto, (max-width: 300px) 100vw, 300px\" \/><\/p>\n<p>Liebe Ratsuchende,<\/p>\n<p>Willkommen auf meiner Seite. Wobei kann ich Sie unterst\u00fctzen?<\/p>\n<p>Als Mandantin \/ Mandant stehen Sie f\u00fcr mich an erster Stelle. Vor welchen Herausforderungen Sie auch stehen, Ich biete Ihnen eine Zusammenarbeit auf Augenh\u00f6he und setze mich mit Tatkraft, Kompetenz und viel Erfahrung f\u00fcr Ihre Rechte und das bestm\u00f6gliche Ergebnis f\u00fcr Sie ein.<\/p>\n<p>Meine Priorit\u00e4t liegt in der au\u00dfergerichtlichen Beilegung von Streitigkeiten und hierbei kann ich auf eine \u00e4u\u00dferst gute Erfolgsquote blicken.<\/p>\n<p>Ich scheue mich aber auch nicht, &#8222;mit Biss&#8220; f\u00fcr Ihr Recht zu k\u00e4mpfen, wenn eine Einigung nicht m\u00f6glich ist. Dabei mache ich eine realistische Einsch\u00e4tzung zu den Erfolgsaussichten Ihres Anliegens.<\/p>\n<p>Meine Expertise st\u00fctzt sich auf eine mehr als 30-j\u00e4hrige umfassende praktische Erahrung im Bereich der \u00d6ffentlichen Verwaltung. Insbesondere war ich als Dezernentin verantwortlich f\u00fcr ein Jobcenter, Sozialamt, Jugendamt, Rechts- und Ordnungsamt einschlie\u00dflich Gewerberecht, Veterin\u00e4r- und Verbraucherschutzamt und f\u00fcr weitere \u00c4mter. Davor war ich in einem Innenministerium und einem Regierungspr\u00e4sidium t\u00e4tig.<\/p>\n<p>Da ich Personalverantwortung f\u00fcr mehrere hundert Mitarbeiter sowohl f\u00fcr Angestellte als auch f\u00fcr Beamte trug, kenne ich mich mich bestens mit den damit verbundenen Fragestellungen aus den Bereichen des Arbeitsrechts und insbesondere des \u00f6ffentlichen Dienstrechts aus.<\/p>\n<p>Dementsprechend habe ich mich auf die Bereiche<\/p>\n<ul>\n<li><strong>\u00a0 \u00a0 Verwaltungsrecht<\/strong><\/li>\n<li><strong>\u00a0 \u00a0 Sozialrecht und Sozialversicherungsrecht<\/strong><\/li>\n<li><strong>\u00a0 \u00a0 \u00d6ffentliches Dienstrecht, insb. Beamtenrecht<\/strong><\/li>\n<li><strong>\u00a0 \u00a0 Gewerberecht<\/strong><\/li>\n<li><strong>\u00a0 \u00a0 Rechte rund ums Tier\u00a0<\/strong>spezialisiert.<\/li>\n<li>\u00a0 \u00a0 Daneben bearbeite ich aber auch weitere Rechtsbereiche, insbesondere auch das <strong>Arbeitsrecht <\/strong>und das <strong>Erbrecht<\/strong>.<\/li>\n<\/ul>\n<p>Wenn Sie mit mir Kontakt \u00a0aufnehmen m\u00f6chten, dann schreiben Sie mir direkt \u00fcber mein Profil eine Nachricht oder nutzen Sie meine <a href=\"https:\/\/www.anwalt.de\/diana-raedler-2#kontakt\">Kontaktdaten unter \u201eKontakt\u201c<\/a>.<\/p>\n<p>In einem Erstgespr\u00e4ch (auch online m\u00f6glich) kl\u00e4ren wir Ihr Anliegen. Ich berate Sie zu Ihren Fragen und gebe Ihnen eine erste Einsch\u00e4tzung zu den Erfolgsaussichten.<\/p>\n<p>Aulendorfer Str. 1<br \/>\n88284 Wolpertswende<\/p>\n<p class=\"flex gap-3 items-center self-center md:self-center hidden md:flex\" data-test-id=\"button-click-to-show-number\"><a href=\"tel:075026169993\">07502 6169993<\/a><\/p>\n<p data-test-id=\"button-click-to-show-number\"><a href=\"mailto:info@dr-verwaltungsrecht.de\"><span id=\"account-name_info@dr-verwaltungsrecht.de\" class=\"account-name collapse-text\">info@dr-verwaltungsrecht.de<\/span><\/a><\/p>\n<p data-test-id=\"button-click-to-show-number\"><a href=\"https:\/\/dr-verwaltungsrecht.de\/index.php\/impressum\/\">Impressum<\/a><\/p>\n<p data-test-id=\"button-click-to-show-number\"><a href=\"https:\/\/dr-verwaltungsrecht.de\/index.php\/datenschutz\/\">Datenschutzerkl\u00e4rung<\/a><\/p>\n<p data-test-id=\"button-click-to-show-number\"><img loading=\"lazy\" decoding=\"async\" class=\"alignnone size-medium wp-image-44\" src=\"https:\/\/dr-verwaltungsrecht.de\/wp-content\/uploads\/2026\/02\/logo-raedler-300x84.png\" alt=\"\" width=\"300\" height=\"84\" srcset=\"https:\/\/dr-verwaltungsrecht.de\/wp-content\/uploads\/2026\/02\/logo-raedler-300x84.png 300w, https:\/\/dr-verwaltungsrecht.de\/wp-content\/uploads\/2026\/02\/logo-raedler.png 424w\" sizes=\"auto, (max-width: 300px) 100vw, 300px\" \/><\/p>\n","protected":false},"excerpt":{"rendered":"<p>Willkommen! Liebe Ratsuchende, Willkommen auf meiner Seite. Wobei kann ich Sie unterst\u00fctzen? Als Mandantin \/ Mandant stehen Sie f\u00fcr mich an erster Stelle. Vor welchen Herausforderungen Sie auch stehen, Ich biete Ihnen eine Zusammenarbeit auf Augenh\u00f6he und setze mich mit Tatkraft, Kompetenz und viel Erfahrung f\u00fcr Ihre Rechte und das bestm\u00f6gliche Ergebnis f\u00fcr Sie ein.&hellip;&nbsp;<a href=\"https:\/\/dr-verwaltungsrecht.de\/\" rel=\"bookmark\"><span class=\"screen-reader-text\">Verwaltungsrechtskanzlei Raedler<\/span><\/a><\/p>\n","protected":false},"author":1,"featured_media":0,"parent":0,"menu_order":0,"comment_status":"closed","ping_status":"closed","template":"","meta":{"neve_meta_sidebar":"","neve_meta_container":"","neve_meta_enable_content_width":"off","neve_meta_content_width":100,"neve_meta_title_alignment":"","neve_meta_author_avatar":"","neve_post_elements_order":"","neve_meta_disable_header":"","neve_meta_disable_footer":"","neve_meta_disable_title":"","footnotes":""},"class_list":["post-21","page","type-page","status-publish","hentry"],"_links":{"self":[{"href":"https:\/\/dr-verwaltungsrecht.de\/index.php\/wp-json\/wp\/v2\/pages\/21","targetHints":{"allow":["GET"]}}],"collection":[{"href":"https:\/\/dr-verwaltungsrecht.de\/index.php\/wp-json\/wp\/v2\/pages"}],"about":[{"href":"https:\/\/dr-verwaltungsrecht.de\/index.php\/wp-json\/wp\/v2\/types\/page"}],"author":[{"embeddable":true,"href":"https:\/\/dr-verwaltungsrecht.de\/index.php\/wp-json\/wp\/v2\/users\/1"}],"replies":[{"embeddable":true,"href":"https:\/\/dr-verwaltungsrecht.de\/index.php\/wp-json\/wp\/v2\/comments?post=21"}],"version-history":[{"count":7,"href":"https:\/\/dr-verwaltungsrecht.de\/index.php\/wp-json\/wp\/v2\/pages\/21\/revisions"}],"predecessor-version":[{"id":52,"href":"https:\/\/dr-verwaltungsrecht.de\/index.php\/wp-json\/wp\/v2\/pages\/21\/revisions\/52"}],"wp:attachment":[{"href":"https:\/\/dr-verwaltungsrecht.de\/index.php\/wp-json\/wp\/v2\/media?parent=21"}],"curies":[{"name":"wp","href":"https:\/\/api.w.org\/{rel}","templated":true}]}}