{"id":26,"date":"2026-02-20T11:11:01","date_gmt":"2026-02-20T11:11:01","guid":{"rendered":"https:\/\/dr-verwaltungsrecht.de\/?page_id=26"},"modified":"2026-02-20T11:11:01","modified_gmt":"2026-02-20T11:11:01","slug":"verwaltungsrecht","status":"publish","type":"page","link":"https:\/\/dr-verwaltungsrecht.de\/index.php\/verwaltungsrecht\/","title":{"rendered":"Verwaltungsrecht"},"content":{"rendered":"<p>Das Verwaltungsrecht ist ein Teilbereich des \u00d6ffentlichen Rechts, der die Rechtsbeziehungen gegen\u00fcber B\u00fcrgern und anderen Beh\u00f6rden regelt, insbesondere was gegen\u00fcber B\u00fcrgern entschieden werden darf und welche Verfahren dabei einzuhalten sind. Das Verwaltungsrecht ist ein weites Feld. Wenn Sie sich gegen die Entscheidung einer Beh\u00f6rde wenden wollen, dann finden Sie bei mir viel Erfahrung und das richtige know-how, mit welchem Rechtsmittel wir uns dagegen wehren k\u00f6nnen.<\/p>\n<p>Daneben unterst\u00fctze ich auch verschiedene Beh\u00f6rden und Institutionen in ihren Belangen.<\/p>\n<p>Aufgrund meiner pers\u00f6nlichen Neigungen im Bereich Tierschutz aber auch entsprechend meiner fr\u00fcheren Verantwortlichkeiten f\u00fcr ein Veterin\u00e4r- und Verbraucherschutzamt habe ich Erfahrungen und die speziellen Rechtskenntnisse im Rahmen von Tierschutzf\u00e4llen und anderen <strong>Angelegenheiten rund ums Tier<\/strong> und vertrete Veterin\u00e4r\u00e4mter ebenso wie Privatpersonen.<\/p>\n","protected":false},"excerpt":{"rendered":"<p>Das Verwaltungsrecht ist ein Teilbereich des \u00d6ffentlichen Rechts, der die Rechtsbeziehungen gegen\u00fcber B\u00fcrgern und anderen Beh\u00f6rden regelt, insbesondere was gegen\u00fcber B\u00fcrgern entschieden werden darf und welche Verfahren dabei einzuhalten sind. Das Verwaltungsrecht ist ein weites Feld. Wenn Sie sich gegen die Entscheidung einer Beh\u00f6rde wenden wollen, dann finden Sie bei mir viel Erfahrung und das&hellip;&nbsp;<a href=\"https:\/\/dr-verwaltungsrecht.de\/index.php\/verwaltungsrecht\/\" rel=\"bookmark\"><span class=\"screen-reader-text\">Verwaltungsrecht<\/span><\/a><\/p>\n","protected":false},"author":1,"featured_media":0,"parent":0,"menu_order":0,"comment_status":"closed","ping_status":"closed","template":"","meta":{"neve_meta_sidebar":"","neve_meta_container":"","neve_meta_enable_content_width":"off","neve_meta_content_width":100,"neve_meta_title_alignment":"","neve_meta_author_avatar":"","neve_post_elements_order":"","neve_meta_disable_header":"","neve_meta_disable_footer":"","neve_meta_disable_title":"","footnotes":""},"class_list":["post-26","page","type-page","status-publish","hentry"],"_links":{"self":[{"href":"https:\/\/dr-verwaltungsrecht.de\/index.php\/wp-json\/wp\/v2\/pages\/26","targetHints":{"allow":["GET"]}}],"collection":[{"href":"https:\/\/dr-verwaltungsrecht.de\/index.php\/wp-json\/wp\/v2\/pages"}],"about":[{"href":"https:\/\/dr-verwaltungsrecht.de\/index.php\/wp-json\/wp\/v2\/types\/page"}],"author":[{"embeddable":true,"href":"https:\/\/dr-verwaltungsrecht.de\/index.php\/wp-json\/wp\/v2\/users\/1"}],"replies":[{"embeddable":true,"href":"https:\/\/dr-verwaltungsrecht.de\/index.php\/wp-json\/wp\/v2\/comments?post=26"}],"version-history":[{"count":1,"href":"https:\/\/dr-verwaltungsrecht.de\/index.php\/wp-json\/wp\/v2\/pages\/26\/revisions"}],"predecessor-version":[{"id":27,"href":"https:\/\/dr-verwaltungsrecht.de\/index.php\/wp-json\/wp\/v2\/pages\/26\/revisions\/27"}],"wp:attachment":[{"href":"https:\/\/dr-verwaltungsrecht.de\/index.php\/wp-json\/wp\/v2\/media?parent=26"}],"curies":[{"name":"wp","href":"https:\/\/api.w.org\/{rel}","templated":true}]}}