{"id":30,"date":"2026-02-20T11:11:58","date_gmt":"2026-02-20T11:11:58","guid":{"rendered":"https:\/\/dr-verwaltungsrecht.de\/?page_id=30"},"modified":"2026-02-20T11:11:58","modified_gmt":"2026-02-20T11:11:58","slug":"arbeitsrecht","status":"publish","type":"page","link":"https:\/\/dr-verwaltungsrecht.de\/index.php\/arbeitsrecht\/","title":{"rendered":"Arbeitsrecht"},"content":{"rendered":"<p>Als Anw\u00e4ltin \u00fcberpr\u00fcfe ich Arbeitsvertr\u00e4ge, erwirke Aufhebungsvertr\u00e4ge mit Abfindung, gehe gegen K\u00fcndigungen vor, unterst\u00fctze Sie bei Mobbing, bei Verst\u00f6\u00dfen gegen das Allgemeine Gleichbehandlungsgesetz (AGG) u.v.m. Wenn Sie den Klageweg beschreiten m\u00f6chten, k\u00e4mpfe ich f\u00fcr Ihre Rechte.<\/p>\n","protected":false},"excerpt":{"rendered":"<p>Als Anw\u00e4ltin \u00fcberpr\u00fcfe ich Arbeitsvertr\u00e4ge, erwirke Aufhebungsvertr\u00e4ge mit Abfindung, gehe gegen K\u00fcndigungen vor, unterst\u00fctze Sie bei Mobbing, bei Verst\u00f6\u00dfen gegen das Allgemeine Gleichbehandlungsgesetz (AGG) u.v.m. Wenn Sie den Klageweg beschreiten m\u00f6chten, k\u00e4mpfe ich f\u00fcr Ihre Rechte.<\/p>\n","protected":false},"author":1,"featured_media":0,"parent":0,"menu_order":0,"comment_status":"closed","ping_status":"closed","template":"","meta":{"neve_meta_sidebar":"","neve_meta_container":"","neve_meta_enable_content_width":"off","neve_meta_content_width":100,"neve_meta_title_alignment":"","neve_meta_author_avatar":"","neve_post_elements_order":"","neve_meta_disable_header":"","neve_meta_disable_footer":"","neve_meta_disable_title":"","footnotes":""},"class_list":["post-30","page","type-page","status-publish","hentry"],"_links":{"self":[{"href":"https:\/\/dr-verwaltungsrecht.de\/index.php\/wp-json\/wp\/v2\/pages\/30","targetHints":{"allow":["GET"]}}],"collection":[{"href":"https:\/\/dr-verwaltungsrecht.de\/index.php\/wp-json\/wp\/v2\/pages"}],"about":[{"href":"https:\/\/dr-verwaltungsrecht.de\/index.php\/wp-json\/wp\/v2\/types\/page"}],"author":[{"embeddable":true,"href":"https:\/\/dr-verwaltungsrecht.de\/index.php\/wp-json\/wp\/v2\/users\/1"}],"replies":[{"embeddable":true,"href":"https:\/\/dr-verwaltungsrecht.de\/index.php\/wp-json\/wp\/v2\/comments?post=30"}],"version-history":[{"count":1,"href":"https:\/\/dr-verwaltungsrecht.de\/index.php\/wp-json\/wp\/v2\/pages\/30\/revisions"}],"predecessor-version":[{"id":31,"href":"https:\/\/dr-verwaltungsrecht.de\/index.php\/wp-json\/wp\/v2\/pages\/30\/revisions\/31"}],"wp:attachment":[{"href":"https:\/\/dr-verwaltungsrecht.de\/index.php\/wp-json\/wp\/v2\/media?parent=30"}],"curies":[{"name":"wp","href":"https:\/\/api.w.org\/{rel}","templated":true}]}}