{"id":32,"date":"2026-02-20T11:12:29","date_gmt":"2026-02-20T11:12:29","guid":{"rendered":"https:\/\/dr-verwaltungsrecht.de\/?page_id=32"},"modified":"2026-02-20T11:12:29","modified_gmt":"2026-02-20T11:12:29","slug":"beamtenrecht","status":"publish","type":"page","link":"https:\/\/dr-verwaltungsrecht.de\/index.php\/beamtenrecht\/","title":{"rendered":"Beamtenrecht"},"content":{"rendered":"<p>Stehen Sie vor einer Auseinandersetzung wegen einer dienstlichen Beurteilung, einer Stellenbewertung, einer ungerechtfertigten Versetzung oder Ihrer Besoldungsgruppe? Oder betrifft Ihr Anliegen eine Bef\u00f6rderung in einen h\u00f6heren Dienstgrad oder die Bevorzugung eines Konkurrenten bei einer Stellenbesetzung? Egal, worum es genau geht \u2013 im Beamtenrecht verf\u00fcge ich \u00fcber fundierte Fachkenntnisse und langj\u00e4hrige praktische Erfahrungen und kann Ihnen optimal weiterhelfen!<\/p>\n","protected":false},"excerpt":{"rendered":"<p>Stehen Sie vor einer Auseinandersetzung wegen einer dienstlichen Beurteilung, einer Stellenbewertung, einer ungerechtfertigten Versetzung oder Ihrer Besoldungsgruppe? Oder betrifft Ihr Anliegen eine Bef\u00f6rderung in einen h\u00f6heren Dienstgrad oder die Bevorzugung eines Konkurrenten bei einer Stellenbesetzung? Egal, worum es genau geht \u2013 im Beamtenrecht verf\u00fcge ich \u00fcber fundierte Fachkenntnisse und langj\u00e4hrige praktische Erfahrungen und kann Ihnen&hellip;&nbsp;<a href=\"https:\/\/dr-verwaltungsrecht.de\/index.php\/beamtenrecht\/\" rel=\"bookmark\"><span class=\"screen-reader-text\">Beamtenrecht<\/span><\/a><\/p>\n","protected":false},"author":1,"featured_media":0,"parent":0,"menu_order":0,"comment_status":"closed","ping_status":"closed","template":"","meta":{"neve_meta_sidebar":"","neve_meta_container":"","neve_meta_enable_content_width":"off","neve_meta_content_width":100,"neve_meta_title_alignment":"","neve_meta_author_avatar":"","neve_post_elements_order":"","neve_meta_disable_header":"","neve_meta_disable_footer":"","neve_meta_disable_title":"","footnotes":""},"class_list":["post-32","page","type-page","status-publish","hentry"],"_links":{"self":[{"href":"https:\/\/dr-verwaltungsrecht.de\/index.php\/wp-json\/wp\/v2\/pages\/32","targetHints":{"allow":["GET"]}}],"collection":[{"href":"https:\/\/dr-verwaltungsrecht.de\/index.php\/wp-json\/wp\/v2\/pages"}],"about":[{"href":"https:\/\/dr-verwaltungsrecht.de\/index.php\/wp-json\/wp\/v2\/types\/page"}],"author":[{"embeddable":true,"href":"https:\/\/dr-verwaltungsrecht.de\/index.php\/wp-json\/wp\/v2\/users\/1"}],"replies":[{"embeddable":true,"href":"https:\/\/dr-verwaltungsrecht.de\/index.php\/wp-json\/wp\/v2\/comments?post=32"}],"version-history":[{"count":1,"href":"https:\/\/dr-verwaltungsrecht.de\/index.php\/wp-json\/wp\/v2\/pages\/32\/revisions"}],"predecessor-version":[{"id":33,"href":"https:\/\/dr-verwaltungsrecht.de\/index.php\/wp-json\/wp\/v2\/pages\/32\/revisions\/33"}],"wp:attachment":[{"href":"https:\/\/dr-verwaltungsrecht.de\/index.php\/wp-json\/wp\/v2\/media?parent=32"}],"curies":[{"name":"wp","href":"https:\/\/api.w.org\/{rel}","templated":true}]}}